{"id":82,"date":"2023-01-17T14:15:49","date_gmt":"2023-01-17T17:15:49","guid":{"rendered":"https:\/\/consuliam.com\/?page_id=82"},"modified":"2023-03-25T17:53:10","modified_gmt":"2023-03-25T20:53:10","slug":"quien-es-ila","status":"publish","type":"page","link":"https:\/\/consuliam.com\/pt\/quien-es-ila\/","title":{"rendered":"Qui\u00e9n es ILA?"},"content":{"rendered":"<p>Mi nombre es Iv\u00e1n, entusiasta por libros, <strong>automatizar cosas<\/strong> y andar de bici. Este es mi rinc\u00f3n virtual y personal =). Si quieres descubrir qui\u00e9n es ILA, quedate hasta el final.<\/p>\n\n\n\n<figure class=\"wp-block-image size-large wp-duotone-unset-1\"><img loading=\"lazy\" decoding=\"async\" width=\"1024\" height=\"576\" src=\"http:\/\/consuliam.com\/wp-content\/uploads\/2023\/01\/quien-es-ila-1024x576.png\" alt=\"qui\u00e9n-es-ila\" class=\"wp-image-97\" srcset=\"https:\/\/consuliam.com\/wp-content\/uploads\/2023\/01\/quien-es-ila-1024x576.png 1024w, https:\/\/consuliam.com\/wp-content\/uploads\/2023\/01\/quien-es-ila-300x169.png 300w, https:\/\/consuliam.com\/wp-content\/uploads\/2023\/01\/quien-es-ila-768x432.png 768w, https:\/\/consuliam.com\/wp-content\/uploads\/2023\/01\/quien-es-ila.png 1366w\" sizes=\"auto, (max-width: 1024px) 100vw, 1024px\" \/><\/figure>\n\n\n\n<p>Soy un colombiano que vive en Brasil hace algunos a\u00f1os, bogotano residiendo en tierras gauchas. Formado en <strong>Mecatr\u00f3nica <\/strong>-de ah\u00ed mi gusto por automatizar cosas. O ser\u00e1 que por gustar de automatizar cosas estudi\u00e9 mecatr\u00f3nica? <em>\u201cSer o no ser, esa es la cuesti\u00f3n\u201d<\/em>-, tambi\u00e9n estudi\u00e9 <strong>Seguridad de la Informaci\u00f3n<\/strong> y recientemente un <strong>MBA en Gesti\u00f3n Emprendedora de Negocios<\/strong>.<\/p>\n\n\n\n<h2 class=\"has-heading-2-font-size wp-block-heading\">\u00bfEn qu\u00e9 puedo apoyar?<\/h2>\n\n\n\n<p>M\u00e1s all\u00e1 de qui\u00e9n soy, pienso que este espacio es oportuno para transmitir <strong><span style=\"text-decoration: underline;\">en qu\u00e9 te puedo apoyar<\/span><\/strong> querido lector y lectora. <\/p>\n\n\n\n<p>En primer lugar, busco que mis <strong>aprendizajes y lecciones aprendidas, posiblemente puedan servirte <\/strong>como referencia para desaf\u00edos e iniciativas que est\u00e9s emprendiendo a nivel personal o profesional .<\/p>\n\n\n\n<p>Como consecuencia, que puedas extraer ideas de <strong>c\u00f3mo hacer las cosas<\/strong> y porqu\u00e9 no, de <strong>c\u00f3mo no hacerlas<\/strong>.<\/p>\n\n\n\n<p>En mi tiempo acad\u00e9mico y profesional he trabajado con proyectos de tecnolog\u00eda y gesti\u00f3n, \u00faltimos a\u00f1os, m\u00e1s orientados a la transformaci\u00f3n digital, automatizaci\u00f3n de procesos, robotizaci\u00f3n de tareas y uso de tecnolog\u00eda de punta.<\/p>\n\n\n\n<p>Si mis aprendizajes puede servir a m\u00e1s personas, \u00bfpor qu\u00e9 no divulgarlos?, \u00bfno es acaso el conocimiento libre y puede ser compartido?.<\/p>\n\n\n\n<h2 class=\"has-heading-2-font-size wp-block-heading\">\u00bfPero al fin qui\u00e9n es ILA?<\/h2>\n\n\n\n<p>No creas que me he olvidado que quieres saber qui\u00e9n es ILA?. Como resultado de trabajar en una organizaci\u00f3n brasile\u00f1a, ILA significa, o mejor, abrevia parte de mi nombre, Iv\u00e1n Lasso, buenas practicas de la empresa donde trabajo :).<\/p>\n\n\n\n<p>Si has llegado a esta p\u00e1gina de &#8220;paraca\u00eddas&#8221;, es posible que te pueda interesar saber<a href=\"https:\/\/consuliam.com\/pt\/dia-cero-que-significa-consuliam\/\" target=\"_blank\" rel=\"noreferrer noopener\"> \u00bfQu\u00e9 contenido encontrar\u00e1s en ConsulIAm.com?<\/a><\/p>\n\n\n\n<p>Saludos people, \u00a1hasta que internet nos separe!<\/p>","protected":false},"excerpt":{"rendered":"<p>Mi nombre es Iv\u00e1n, entusiasta por libros, automatizar cosas y andar de bici. Este es mi rinc\u00f3n virtual y personal =). Si quieres descubrir qui\u00e9n es ILA, quedate hasta el final. Soy un colombiano que vive en Brasil hace algunos a\u00f1os, bogotano residiendo en tierras gauchas. Formado en Mecatr\u00f3nica -de ah\u00ed mi gusto por automatizar [&hellip;]<\/p>\n","protected":false},"author":1,"featured_media":0,"parent":0,"menu_order":0,"comment_status":"closed","ping_status":"closed","template":"","meta":{"footnotes":""},"class_list":["post-82","page","type-page","status-publish","hentry"],"yoast_head":"<!-- This site is optimized with the Yoast SEO plugin v27.4 - https:\/\/yoast.com\/product\/yoast-seo-wordpress\/ -->\n<title>Qui\u00e9n es ILA?<\/title>\n<meta name=\"description\" content=\"Qui\u00e9n es ILA? Descubre qui\u00e9n o qu\u00e9 es ILA, qui\u00e9n es el propietario del site, blog C\u00f3nsulIAm.com y qu\u00e9 puedes encontrar all para ti\" \/>\n<meta name=\"robots\" content=\"index, follow, max-snippet:-1, max-image-preview:large, max-video-preview:-1\" \/>\n<link rel=\"canonical\" href=\"https:\/\/consuliam.com\/pt\/quien-es-ila\/\" \/>\n<meta property=\"og:locale\" content=\"pt_BR\" \/>\n<meta property=\"og:type\" content=\"article\" \/>\n<meta property=\"og:title\" content=\"Qui\u00e9n es ILA?\" \/>\n<meta property=\"og:description\" content=\"Qui\u00e9n es ILA? Descubre qui\u00e9n o qu\u00e9 es ILA, qui\u00e9n es el propietario del site, blog C\u00f3nsulIAm.com y qu\u00e9 puedes encontrar all para ti\" \/>\n<meta property=\"og:url\" content=\"https:\/\/consuliam.com\/pt\/quien-es-ila\/\" \/>\n<meta property=\"og:site_name\" content=\"CIA | Blog personal de Iv\u00e1n Lasso\" \/>\n<meta property=\"article:modified_time\" content=\"2023-03-25T20:53:10+00:00\" \/>\n<meta property=\"og:image\" content=\"http:\/\/consuliam.com\/wp-content\/uploads\/2023\/01\/quien-es-ila-1024x576.png\" \/>\n<meta name=\"twitter:card\" content=\"summary_large_image\" \/>\n<meta name=\"twitter:label1\" content=\"Est. tempo de leitura\" \/>\n\t<meta name=\"twitter:data1\" content=\"2 minutos\" \/>\n<script type=\"application\/ld+json\" class=\"yoast-schema-graph\">{\"@context\":\"https:\\\/\\\/schema.org\",\"@graph\":[{\"@type\":[\"Article\",\"BlogPosting\"],\"@id\":\"https:\\\/\\\/consuliam.com\\\/quien-es-ila\\\/#article\",\"isPartOf\":{\"@id\":\"https:\\\/\\\/consuliam.com\\\/quien-es-ila\\\/\"},\"author\":{\"name\":\"C\u00f3nsul\",\"@id\":\"https:\\\/\\\/consuliam.com\\\/#\\\/schema\\\/person\\\/b5aab7ad7e2adab0411b55d1c1ec84e5\"},\"headline\":\"Qui\u00e9n es ILA?\",\"datePublished\":\"2023-01-17T17:15:49+00:00\",\"dateModified\":\"2023-03-25T20:53:10+00:00\",\"mainEntityOfPage\":{\"@id\":\"https:\\\/\\\/consuliam.com\\\/quien-es-ila\\\/\"},\"wordCount\":326,\"publisher\":{\"@id\":\"https:\\\/\\\/consuliam.com\\\/#\\\/schema\\\/person\\\/b5aab7ad7e2adab0411b55d1c1ec84e5\"},\"image\":{\"@id\":\"https:\\\/\\\/consuliam.com\\\/quien-es-ila\\\/#primaryimage\"},\"thumbnailUrl\":\"http:\\\/\\\/consuliam.com\\\/wp-content\\\/uploads\\\/2023\\\/01\\\/quien-es-ila-1024x576.png\",\"inLanguage\":\"pt-BR\"},{\"@type\":\"WebPage\",\"@id\":\"https:\\\/\\\/consuliam.com\\\/quien-es-ila\\\/\",\"url\":\"https:\\\/\\\/consuliam.com\\\/quien-es-ila\\\/\",\"name\":\"Qui\u00e9n es ILA?\",\"isPartOf\":{\"@id\":\"https:\\\/\\\/consuliam.com\\\/#website\"},\"primaryImageOfPage\":{\"@id\":\"https:\\\/\\\/consuliam.com\\\/quien-es-ila\\\/#primaryimage\"},\"image\":{\"@id\":\"https:\\\/\\\/consuliam.com\\\/quien-es-ila\\\/#primaryimage\"},\"thumbnailUrl\":\"http:\\\/\\\/consuliam.com\\\/wp-content\\\/uploads\\\/2023\\\/01\\\/quien-es-ila-1024x576.png\",\"datePublished\":\"2023-01-17T17:15:49+00:00\",\"dateModified\":\"2023-03-25T20:53:10+00:00\",\"description\":\"Qui\u00e9n es ILA? Descubre qui\u00e9n o qu\u00e9 es ILA, qui\u00e9n es el propietario del site, blog C\u00f3nsulIAm.com y qu\u00e9 puedes encontrar all para ti\",\"breadcrumb\":{\"@id\":\"https:\\\/\\\/consuliam.com\\\/quien-es-ila\\\/#breadcrumb\"},\"inLanguage\":\"pt-BR\",\"potentialAction\":[{\"@type\":\"ReadAction\",\"target\":[\"https:\\\/\\\/consuliam.com\\\/quien-es-ila\\\/\"]}]},{\"@type\":\"ImageObject\",\"inLanguage\":\"pt-BR\",\"@id\":\"https:\\\/\\\/consuliam.com\\\/quien-es-ila\\\/#primaryimage\",\"url\":\"http:\\\/\\\/consuliam.com\\\/wp-content\\\/uploads\\\/2023\\\/01\\\/quien-es-ila-1024x576.png\",\"contentUrl\":\"http:\\\/\\\/consuliam.com\\\/wp-content\\\/uploads\\\/2023\\\/01\\\/quien-es-ila-1024x576.png\"},{\"@type\":\"BreadcrumbList\",\"@id\":\"https:\\\/\\\/consuliam.com\\\/quien-es-ila\\\/#breadcrumb\",\"itemListElement\":[{\"@type\":\"ListItem\",\"position\":1,\"name\":\"In\u00edcio\",\"item\":\"https:\\\/\\\/consuliam.com\\\/\"},{\"@type\":\"ListItem\",\"position\":2,\"name\":\"Qui\u00e9n es ILA?\"}]},{\"@type\":\"WebSite\",\"@id\":\"https:\\\/\\\/consuliam.com\\\/#website\",\"url\":\"https:\\\/\\\/consuliam.com\\\/\",\"name\":\"CIA | Blog personal de Iv\u00e1n Lasso\",\"description\":\"IA - BPM - Bici - Libros - Automatizar cosas y ganar tiempo\",\"publisher\":{\"@id\":\"https:\\\/\\\/consuliam.com\\\/#\\\/schema\\\/person\\\/b5aab7ad7e2adab0411b55d1c1ec84e5\"},\"potentialAction\":[{\"@type\":\"SearchAction\",\"target\":{\"@type\":\"EntryPoint\",\"urlTemplate\":\"https:\\\/\\\/consuliam.com\\\/?s={search_term_string}\"},\"query-input\":{\"@type\":\"PropertyValueSpecification\",\"valueRequired\":true,\"valueName\":\"search_term_string\"}}],\"inLanguage\":\"pt-BR\"},{\"@type\":[\"Person\",\"Organization\"],\"@id\":\"https:\\\/\\\/consuliam.com\\\/#\\\/schema\\\/person\\\/b5aab7ad7e2adab0411b55d1c1ec84e5\",\"name\":\"C\u00f3nsul\",\"image\":{\"@type\":\"ImageObject\",\"inLanguage\":\"pt-BR\",\"@id\":\"https:\\\/\\\/consuliam.com\\\/wp-content\\\/uploads\\\/2023\\\/03\\\/cia_brain_favicon_128.jpeg\",\"url\":\"https:\\\/\\\/consuliam.com\\\/wp-content\\\/uploads\\\/2023\\\/03\\\/cia_brain_favicon_128.jpeg\",\"contentUrl\":\"https:\\\/\\\/consuliam.com\\\/wp-content\\\/uploads\\\/2023\\\/03\\\/cia_brain_favicon_128.jpeg\",\"width\":128,\"height\":128,\"caption\":\"C\u00f3nsul\"},\"logo\":{\"@id\":\"https:\\\/\\\/consuliam.com\\\/wp-content\\\/uploads\\\/2023\\\/03\\\/cia_brain_favicon_128.jpeg\"},\"sameAs\":[\"http:\\\/\\\/consuliam.com\"],\"url\":\"https:\\\/\\\/consuliam.com\\\/pt\\\/author\\\/kondor25_wp4\\\/\"}]}<\/script>\n<!-- \/ Yoast SEO plugin. -->","yoast_head_json":{"title":"Qui\u00e9n es ILA?","description":"Qui\u00e9n es ILA? Descubre qui\u00e9n o qu\u00e9 es ILA, qui\u00e9n es el propietario del site, blog C\u00f3nsulIAm.com y qu\u00e9 puedes encontrar all para ti","robots":{"index":"index","follow":"follow","max-snippet":"max-snippet:-1","max-image-preview":"max-image-preview:large","max-video-preview":"max-video-preview:-1"},"canonical":"https:\/\/consuliam.com\/pt\/quien-es-ila\/","og_locale":"pt_BR","og_type":"article","og_title":"Qui\u00e9n es ILA?","og_description":"Qui\u00e9n es ILA? Descubre qui\u00e9n o qu\u00e9 es ILA, qui\u00e9n es el propietario del site, blog C\u00f3nsulIAm.com y qu\u00e9 puedes encontrar all para ti","og_url":"https:\/\/consuliam.com\/pt\/quien-es-ila\/","og_site_name":"CIA | Blog personal de Iv\u00e1n Lasso","article_modified_time":"2023-03-25T20:53:10+00:00","og_image":[{"url":"http:\/\/consuliam.com\/wp-content\/uploads\/2023\/01\/quien-es-ila-1024x576.png","type":"","width":"","height":""}],"twitter_card":"summary_large_image","twitter_misc":{"Est. tempo de leitura":"2 minutos"},"schema":{"@context":"https:\/\/schema.org","@graph":[{"@type":["Article","BlogPosting"],"@id":"https:\/\/consuliam.com\/quien-es-ila\/#article","isPartOf":{"@id":"https:\/\/consuliam.com\/quien-es-ila\/"},"author":{"name":"C\u00f3nsul","@id":"https:\/\/consuliam.com\/#\/schema\/person\/b5aab7ad7e2adab0411b55d1c1ec84e5"},"headline":"Qui\u00e9n es ILA?","datePublished":"2023-01-17T17:15:49+00:00","dateModified":"2023-03-25T20:53:10+00:00","mainEntityOfPage":{"@id":"https:\/\/consuliam.com\/quien-es-ila\/"},"wordCount":326,"publisher":{"@id":"https:\/\/consuliam.com\/#\/schema\/person\/b5aab7ad7e2adab0411b55d1c1ec84e5"},"image":{"@id":"https:\/\/consuliam.com\/quien-es-ila\/#primaryimage"},"thumbnailUrl":"http:\/\/consuliam.com\/wp-content\/uploads\/2023\/01\/quien-es-ila-1024x576.png","inLanguage":"pt-BR"},{"@type":"WebPage","@id":"https:\/\/consuliam.com\/quien-es-ila\/","url":"https:\/\/consuliam.com\/quien-es-ila\/","name":"Qui\u00e9n es ILA?","isPartOf":{"@id":"https:\/\/consuliam.com\/#website"},"primaryImageOfPage":{"@id":"https:\/\/consuliam.com\/quien-es-ila\/#primaryimage"},"image":{"@id":"https:\/\/consuliam.com\/quien-es-ila\/#primaryimage"},"thumbnailUrl":"http:\/\/consuliam.com\/wp-content\/uploads\/2023\/01\/quien-es-ila-1024x576.png","datePublished":"2023-01-17T17:15:49+00:00","dateModified":"2023-03-25T20:53:10+00:00","description":"Qui\u00e9n es ILA? Descubre qui\u00e9n o qu\u00e9 es ILA, qui\u00e9n es el propietario del site, blog C\u00f3nsulIAm.com y qu\u00e9 puedes encontrar all para ti","breadcrumb":{"@id":"https:\/\/consuliam.com\/quien-es-ila\/#breadcrumb"},"inLanguage":"pt-BR","potentialAction":[{"@type":"ReadAction","target":["https:\/\/consuliam.com\/quien-es-ila\/"]}]},{"@type":"ImageObject","inLanguage":"pt-BR","@id":"https:\/\/consuliam.com\/quien-es-ila\/#primaryimage","url":"http:\/\/consuliam.com\/wp-content\/uploads\/2023\/01\/quien-es-ila-1024x576.png","contentUrl":"http:\/\/consuliam.com\/wp-content\/uploads\/2023\/01\/quien-es-ila-1024x576.png"},{"@type":"BreadcrumbList","@id":"https:\/\/consuliam.com\/quien-es-ila\/#breadcrumb","itemListElement":[{"@type":"ListItem","position":1,"name":"In\u00edcio","item":"https:\/\/consuliam.com\/"},{"@type":"ListItem","position":2,"name":"Qui\u00e9n es ILA?"}]},{"@type":"WebSite","@id":"https:\/\/consuliam.com\/#website","url":"https:\/\/consuliam.com\/","name":"CIA | Blog pessoal do Iv\u00e1n Lasso","description":"IA - BPM - Bici - Libros - Automatizar cosas y ganar tiempo","publisher":{"@id":"https:\/\/consuliam.com\/#\/schema\/person\/b5aab7ad7e2adab0411b55d1c1ec84e5"},"potentialAction":[{"@type":"SearchAction","target":{"@type":"EntryPoint","urlTemplate":"https:\/\/consuliam.com\/?s={search_term_string}"},"query-input":{"@type":"PropertyValueSpecification","valueRequired":true,"valueName":"search_term_string"}}],"inLanguage":"pt-BR"},{"@type":["Person","Organization"],"@id":"https:\/\/consuliam.com\/#\/schema\/person\/b5aab7ad7e2adab0411b55d1c1ec84e5","name":"C\u00f3nsul","image":{"@type":"ImageObject","inLanguage":"pt-BR","@id":"https:\/\/consuliam.com\/wp-content\/uploads\/2023\/03\/cia_brain_favicon_128.jpeg","url":"https:\/\/consuliam.com\/wp-content\/uploads\/2023\/03\/cia_brain_favicon_128.jpeg","contentUrl":"https:\/\/consuliam.com\/wp-content\/uploads\/2023\/03\/cia_brain_favicon_128.jpeg","width":128,"height":128,"caption":"C\u00f3nsul"},"logo":{"@id":"https:\/\/consuliam.com\/wp-content\/uploads\/2023\/03\/cia_brain_favicon_128.jpeg"},"sameAs":["http:\/\/consuliam.com"],"url":"https:\/\/consuliam.com\/pt\/author\/kondor25_wp4\/"}]}},"_links":{"self":[{"href":"https:\/\/consuliam.com\/pt\/wp-json\/wp\/v2\/pages\/82","targetHints":{"allow":["GET"]}}],"collection":[{"href":"https:\/\/consuliam.com\/pt\/wp-json\/wp\/v2\/pages"}],"about":[{"href":"https:\/\/consuliam.com\/pt\/wp-json\/wp\/v2\/types\/page"}],"author":[{"embeddable":true,"href":"https:\/\/consuliam.com\/pt\/wp-json\/wp\/v2\/users\/1"}],"replies":[{"embeddable":true,"href":"https:\/\/consuliam.com\/pt\/wp-json\/wp\/v2\/comments?post=82"}],"version-history":[{"count":6,"href":"https:\/\/consuliam.com\/pt\/wp-json\/wp\/v2\/pages\/82\/revisions"}],"predecessor-version":[{"id":197,"href":"https:\/\/consuliam.com\/pt\/wp-json\/wp\/v2\/pages\/82\/revisions\/197"}],"wp:attachment":[{"href":"https:\/\/consuliam.com\/pt\/wp-json\/wp\/v2\/media?parent=82"}],"curies":[{"name":"wp","href":"https:\/\/api.w.org\/{rel}","templated":true}]}}